{"id":378,"date":"2021-04-23T12:01:03","date_gmt":"2021-04-23T12:01:03","guid":{"rendered":"http:\/\/www.moniquefollmannfohl.com\/?page_id=378"},"modified":"2021-05-10T13:29:04","modified_gmt":"2021-05-10T13:29:04","slug":"impressum","status":"publish","type":"page","link":"https:\/\/www.moniquefollmannfohl.com\/fr\/impressum\/","title":{"rendered":"Mentions l\u00e9gales"},"content":{"rendered":"<div data-elementor-type=\"wp-page\" data-elementor-id=\"378\" class=\"elementor elementor-378\">\n\t\t\t\t\t\t\t\t\t<section class=\"elementor-section elementor-top-section elementor-element elementor-element-e3c2ba2 elementor-section-boxed elementor-section-height-default elementor-section-height-default\" data-id=\"e3c2ba2\" data-element_type=\"section\">\n\t\t\t\t\t\t<div class=\"elementor-container elementor-column-gap-default\">\n\t\t\t\t\t<div class=\"elementor-column elementor-col-100 elementor-top-column elementor-element elementor-element-676c628\" data-id=\"676c628\" data-element_type=\"column\">\n\t\t\t<div class=\"elementor-widget-wrap elementor-element-populated\">\n\t\t\t\t\t\t\t\t<div class=\"elementor-element elementor-element-6ae06bd elementor-widget elementor-widget-html\" data-id=\"6ae06bd\" data-element_type=\"widget\" data-widget_type=\"html.default\">\n\t\t\t\t<div class=\"elementor-widget-container\">\n\t\t\t<script>\r\ndocument.addEventListener('DOMContentLoaded', function() {\r\n  jQuery(function($){\r\n\r\n\r\n    $('.showimpressum1').click(function(){\r\n        if ($('.impressumsection1').is(\":visible\")) {\r\n            $('.impressumsection1').slideToggle();\r\n            $('.showimpressum1.icon').removeClass(\"rotate45\");\r\n        } else {\r\n            $('.impressumsection1').slideToggle();\r\n            $('.showimpressum1.icon').addClass(\"rotate45\");\r\n        }\r\n    });\r\n\r\n    $('.showimpressum2').click(function(){\r\n        if ($('.impressumsection2').is(\":visible\")) {\r\n            $('.impressumsection2').slideToggle();\r\n            $('.showimpressum2.icon').removeClass(\"rotate45\");\r\n        } else {\r\n            $('.impressumsection2').slideToggle();\r\n            $('.showimpressum2.icon').addClass(\"rotate45\");\r\n        }\r\n    });\r\n\r\n    $('.showimpressum3').click(function(){\r\n        if ($('.impressumsection3').is(\":visible\")) {\r\n            $('.impressumsection3').slideToggle();\r\n            $('.showimpressum3.icon').removeClass(\"rotate45\");\r\n        } else {\r\n            $('.impressumsection3').slideToggle();\r\n            $('.showimpressum3.icon').addClass(\"rotate45\");\r\n        }\r\n    });\r\n\r\n    $('.showimpressum4').click(function(){\r\n        if ($('.impressumsection4').is(\":visible\")) {\r\n            $('.impressumsection4').slideToggle();\r\n            $('.showimpressum4.icon').removeClass(\"rotate45\");\r\n        } else {\r\n            $('.impressumsection4').slideToggle();\r\n            $('.showimpressum1.4con').addClass(\"rotate45\");\r\n        }\r\n    });\r\n\r\n\r\n  });\r\n});\r\n\r\n\r\n<\/script>\t\t<\/div>\n\t\t\t\t<\/div>\n\t\t\t\t\t<\/div>\n\t\t<\/div>\n\t\t\t\t\t\t\t<\/div>\n\t\t<\/section>\n\t\t\t\t<section class=\"elementor-section elementor-top-section elementor-element elementor-element-4f0027d elementor-section-boxed elementor-section-height-default elementor-section-height-default\" data-id=\"4f0027d\" data-element_type=\"section\">\n\t\t\t\t\t\t<div class=\"elementor-container elementor-column-gap-default\">\n\t\t\t\t\t<div class=\"elementor-column elementor-col-50 elementor-top-column elementor-element elementor-element-a13cc3e\" data-id=\"a13cc3e\" data-element_type=\"column\">\n\t\t\t<div class=\"elementor-widget-wrap elementor-element-populated\">\n\t\t\t\t\t\t\t\t<div class=\"elementor-element elementor-element-7718fb3 showimpressum1  elementor-widget elementor-widget-heading\" data-id=\"7718fb3\" data-element_type=\"widget\" data-widget_type=\"heading.default\">\n\t\t\t\t<div class=\"elementor-widget-container\">\n\t\t\t<h2 class=\"elementor-heading-title elementor-size-default\">Mentions l\u00e9gales<\/h2>\t\t<\/div>\n\t\t\t\t<\/div>\n\t\t\t\t\t<\/div>\n\t\t<\/div>\n\t\t\t\t<div class=\"elementor-column elementor-col-50 elementor-top-column elementor-element elementor-element-f981ddf\" data-id=\"f981ddf\" data-element_type=\"column\">\n\t\t\t<div class=\"elementor-widget-wrap elementor-element-populated\">\n\t\t\t\t\t\t\t\t<div class=\"elementor-element elementor-element-fa96a70 showimpressum1 icon elementor-widget__width-auto elementor-view-default elementor-widget elementor-widget-icon\" data-id=\"fa96a70\" data-element_type=\"widget\" data-widget_type=\"icon.default\">\n\t\t\t\t<div class=\"elementor-widget-container\">\n\t\t\t\t\t<div class=\"elementor-icon-wrapper\">\n\t\t\t<div class=\"elementor-icon\">\n\t\t\t<svg xmlns=\"http:\/\/www.w3.org\/2000\/svg\" width=\"69.332\" height=\"69.332\" viewbox=\"0 0 69.332 69.332\"><g id=\"Group_35\" data-name=\"Group 35\" transform=\"translate(-3215.834 -509.1)\"><line id=\"Line_5\" data-name=\"Line 5\" x1=\"45.858\" y1=\"46.535\" transform=\"translate(3250.739 511.1) rotate(45)\" fill=\"none\" stroke=\"#767676\" stroke-width=\"4\"><\/line><line id=\"Line_16\" data-name=\"Line 16\" x1=\"45.858\" y2=\"46.535\" transform=\"translate(3250.739 511.1) rotate(45)\" fill=\"none\" stroke=\"#767676\" stroke-width=\"4\"><\/line><\/g><\/svg>\t\t\t<\/div>\n\t\t<\/div>\n\t\t\t\t<\/div>\n\t\t\t\t<\/div>\n\t\t\t\t\t<\/div>\n\t\t<\/div>\n\t\t\t\t\t\t\t<\/div>\n\t\t<\/section>\n\t\t\t\t<section class=\"elementor-section elementor-top-section elementor-element elementor-element-9495c54 impressumsection1 elementor-hidden-desktop elementor-hidden-tablet elementor-hidden-phone elementor-section-boxed elementor-section-height-default elementor-section-height-default\" data-id=\"9495c54\" data-element_type=\"section\">\n\t\t\t\t\t\t<div class=\"elementor-container elementor-column-gap-default\">\n\t\t\t\t\t<div class=\"elementor-column elementor-col-50 elementor-top-column elementor-element elementor-element-9aed4dd\" data-id=\"9aed4dd\" data-element_type=\"column\">\n\t\t\t<div class=\"elementor-widget-wrap\">\n\t\t\t\t\t\t\t\t\t<\/div>\n\t\t<\/div>\n\t\t\t\t<div class=\"elementor-column elementor-col-50 elementor-top-column elementor-element elementor-element-1c8bfcd\" data-id=\"1c8bfcd\" data-element_type=\"column\">\n\t\t\t<div class=\"elementor-widget-wrap elementor-element-populated\">\n\t\t\t\t\t\t\t\t<div class=\"elementor-element elementor-element-f494f00 elementor-widget elementor-widget-text-editor\" data-id=\"f494f00\" data-element_type=\"widget\" data-widget_type=\"text-editor.default\">\n\t\t\t\t<div class=\"elementor-widget-container\">\n\t\t\t\t\t\t\t<p>Monique Follmann-Fohl<br \/>Coordination(at)MoniqueFollmannFohl.com<br \/>No. d\u2019immatriculation au RCS : B 147574<br \/>Autorisation de commerce : 124243<br \/>Num\u00e9ro matricule de TVA : 2009 24 20 346<\/p>\t\t\t\t\t\t<\/div>\n\t\t\t\t<\/div>\n\t\t\t\t\t<\/div>\n\t\t<\/div>\n\t\t\t\t\t\t\t<\/div>\n\t\t<\/section>\n\t\t\t\t<section class=\"elementor-section elementor-top-section elementor-element elementor-element-8d5b279 elementor-section-boxed elementor-section-height-default elementor-section-height-default\" data-id=\"8d5b279\" data-element_type=\"section\">\n\t\t\t\t\t\t<div class=\"elementor-container elementor-column-gap-default\">\n\t\t\t\t\t<div class=\"elementor-column elementor-col-100 elementor-top-column elementor-element elementor-element-1be793f\" data-id=\"1be793f\" data-element_type=\"column\">\n\t\t\t<div class=\"elementor-widget-wrap elementor-element-populated\">\n\t\t\t\t\t\t\t\t<div class=\"elementor-element elementor-element-e1a074e elementor-widget-divider--view-line elementor-widget elementor-widget-divider\" data-id=\"e1a074e\" data-element_type=\"widget\" data-widget_type=\"divider.default\">\n\t\t\t\t<div class=\"elementor-widget-container\">\n\t\t\t\t\t<div class=\"elementor-divider\">\n\t\t\t<span class=\"elementor-divider-separator\">\n\t\t\t\t\t\t<\/span>\n\t\t<\/div>\n\t\t\t\t<\/div>\n\t\t\t\t<\/div>\n\t\t\t\t\t<\/div>\n\t\t<\/div>\n\t\t\t\t\t\t\t<\/div>\n\t\t<\/section>\n\t\t\t\t<section class=\"elementor-section elementor-top-section elementor-element elementor-element-a847722 elementor-section-boxed elementor-section-height-default elementor-section-height-default\" data-id=\"a847722\" data-element_type=\"section\">\n\t\t\t\t\t\t<div class=\"elementor-container elementor-column-gap-default\">\n\t\t\t\t\t<div class=\"elementor-column elementor-col-50 elementor-top-column elementor-element elementor-element-b5140be\" data-id=\"b5140be\" data-element_type=\"column\">\n\t\t\t<div class=\"elementor-widget-wrap elementor-element-populated\">\n\t\t\t\t\t\t\t\t<div class=\"elementor-element elementor-element-06e3f43 showimpressum2 elementor-widget elementor-widget-heading\" data-id=\"06e3f43\" data-element_type=\"widget\" data-widget_type=\"heading.default\">\n\t\t\t\t<div class=\"elementor-widget-container\">\n\t\t\t<h2 class=\"elementor-heading-title elementor-size-default\">Responsabilit\u00e9 relative aux contenus<\/h2>\t\t<\/div>\n\t\t\t\t<\/div>\n\t\t\t\t\t<\/div>\n\t\t<\/div>\n\t\t\t\t<div class=\"elementor-column elementor-col-50 elementor-top-column elementor-element elementor-element-424393e\" data-id=\"424393e\" data-element_type=\"column\">\n\t\t\t<div class=\"elementor-widget-wrap elementor-element-populated\">\n\t\t\t\t\t\t\t\t<div class=\"elementor-element elementor-element-781fe47 showimpressum2 icon elementor-widget__width-auto elementor-view-default elementor-widget elementor-widget-icon\" data-id=\"781fe47\" data-element_type=\"widget\" data-widget_type=\"icon.default\">\n\t\t\t\t<div class=\"elementor-widget-container\">\n\t\t\t\t\t<div class=\"elementor-icon-wrapper\">\n\t\t\t<div class=\"elementor-icon\">\n\t\t\t<svg xmlns=\"http:\/\/www.w3.org\/2000\/svg\" width=\"69.332\" height=\"69.332\" viewbox=\"0 0 69.332 69.332\"><g id=\"Group_35\" data-name=\"Group 35\" transform=\"translate(-3215.834 -509.1)\"><line id=\"Line_5\" data-name=\"Line 5\" x1=\"45.858\" y1=\"46.535\" transform=\"translate(3250.739 511.1) rotate(45)\" fill=\"none\" stroke=\"#767676\" stroke-width=\"4\"><\/line><line id=\"Line_16\" data-name=\"Line 16\" x1=\"45.858\" y2=\"46.535\" transform=\"translate(3250.739 511.1) rotate(45)\" fill=\"none\" stroke=\"#767676\" stroke-width=\"4\"><\/line><\/g><\/svg>\t\t\t<\/div>\n\t\t<\/div>\n\t\t\t\t<\/div>\n\t\t\t\t<\/div>\n\t\t\t\t\t<\/div>\n\t\t<\/div>\n\t\t\t\t\t\t\t<\/div>\n\t\t<\/section>\n\t\t\t\t<section class=\"elementor-section elementor-top-section elementor-element elementor-element-f6ab92e impressumsection2 elementor-hidden-desktop elementor-hidden-tablet elementor-hidden-phone elementor-section-boxed elementor-section-height-default elementor-section-height-default\" data-id=\"f6ab92e\" data-element_type=\"section\">\n\t\t\t\t\t\t<div class=\"elementor-container elementor-column-gap-default\">\n\t\t\t\t\t<div class=\"elementor-column elementor-col-50 elementor-top-column elementor-element elementor-element-09c3d20\" data-id=\"09c3d20\" data-element_type=\"column\">\n\t\t\t<div class=\"elementor-widget-wrap\">\n\t\t\t\t\t\t\t\t\t<\/div>\n\t\t<\/div>\n\t\t\t\t<div class=\"elementor-column elementor-col-50 elementor-top-column elementor-element elementor-element-24d52db\" data-id=\"24d52db\" data-element_type=\"column\">\n\t\t\t<div class=\"elementor-widget-wrap elementor-element-populated\">\n\t\t\t\t\t\t\t\t<div class=\"elementor-element elementor-element-5919dee elementor-widget elementor-widget-text-editor\" data-id=\"5919dee\" data-element_type=\"widget\" data-widget_type=\"text-editor.default\">\n\t\t\t\t<div class=\"elementor-widget-container\">\n\t\t\t\t\t\t\t<p>Tous les contenus de notre site Internet ont \u00e9t\u00e9 \u00e9tablis avec le plus grand soin possible et en toute bonne foi. Cependant, aucune responsabilit\u00e9 ne sera prise en charge quant \u00e0 l\u2019exactitude, l\u2019int\u00e9gralit\u00e9 et l\u2019actualit\u00e9 de ces contenus.<\/p>\t\t\t\t\t\t<\/div>\n\t\t\t\t<\/div>\n\t\t\t\t\t<\/div>\n\t\t<\/div>\n\t\t\t\t\t\t\t<\/div>\n\t\t<\/section>\n\t\t\t\t<section class=\"elementor-section elementor-top-section elementor-element elementor-element-1576f74 elementor-section-boxed elementor-section-height-default elementor-section-height-default\" data-id=\"1576f74\" data-element_type=\"section\">\n\t\t\t\t\t\t<div class=\"elementor-container elementor-column-gap-default\">\n\t\t\t\t\t<div class=\"elementor-column elementor-col-100 elementor-top-column elementor-element elementor-element-d4de11b\" data-id=\"d4de11b\" data-element_type=\"column\">\n\t\t\t<div class=\"elementor-widget-wrap elementor-element-populated\">\n\t\t\t\t\t\t\t\t<div class=\"elementor-element elementor-element-2ca3047 elementor-widget-divider--view-line elementor-widget elementor-widget-divider\" data-id=\"2ca3047\" data-element_type=\"widget\" data-widget_type=\"divider.default\">\n\t\t\t\t<div class=\"elementor-widget-container\">\n\t\t\t\t\t<div class=\"elementor-divider\">\n\t\t\t<span class=\"elementor-divider-separator\">\n\t\t\t\t\t\t<\/span>\n\t\t<\/div>\n\t\t\t\t<\/div>\n\t\t\t\t<\/div>\n\t\t\t\t\t<\/div>\n\t\t<\/div>\n\t\t\t\t\t\t\t<\/div>\n\t\t<\/section>\n\t\t\t\t<section class=\"elementor-section elementor-top-section elementor-element elementor-element-f0b2e03 elementor-section-boxed elementor-section-height-default elementor-section-height-default\" data-id=\"f0b2e03\" data-element_type=\"section\">\n\t\t\t\t\t\t<div class=\"elementor-container elementor-column-gap-default\">\n\t\t\t\t\t<div class=\"elementor-column elementor-col-50 elementor-top-column elementor-element elementor-element-9a4a8e6\" data-id=\"9a4a8e6\" data-element_type=\"column\">\n\t\t\t<div class=\"elementor-widget-wrap elementor-element-populated\">\n\t\t\t\t\t\t\t\t<div class=\"elementor-element elementor-element-c4ca1b5 showimpressum3 elementor-widget elementor-widget-heading\" data-id=\"c4ca1b5\" data-element_type=\"widget\" data-widget_type=\"heading.default\">\n\t\t\t\t<div class=\"elementor-widget-container\">\n\t\t\t<h2 class=\"elementor-heading-title elementor-size-default\">Limitation de responsabilit\u00e9 \u00e0 l'\u00e9gard des liens externes<\/h2>\t\t<\/div>\n\t\t\t\t<\/div>\n\t\t\t\t\t<\/div>\n\t\t<\/div>\n\t\t\t\t<div class=\"elementor-column elementor-col-50 elementor-top-column elementor-element elementor-element-769c2c5\" data-id=\"769c2c5\" data-element_type=\"column\">\n\t\t\t<div class=\"elementor-widget-wrap elementor-element-populated\">\n\t\t\t\t\t\t\t\t<div class=\"elementor-element elementor-element-130df34 showimpressum3 icon elementor-widget__width-auto elementor-view-default elementor-widget elementor-widget-icon\" data-id=\"130df34\" data-element_type=\"widget\" data-widget_type=\"icon.default\">\n\t\t\t\t<div class=\"elementor-widget-container\">\n\t\t\t\t\t<div class=\"elementor-icon-wrapper\">\n\t\t\t<div class=\"elementor-icon\">\n\t\t\t<svg xmlns=\"http:\/\/www.w3.org\/2000\/svg\" width=\"69.332\" height=\"69.332\" viewbox=\"0 0 69.332 69.332\"><g id=\"Group_35\" data-name=\"Group 35\" transform=\"translate(-3215.834 -509.1)\"><line id=\"Line_5\" data-name=\"Line 5\" x1=\"45.858\" y1=\"46.535\" transform=\"translate(3250.739 511.1) rotate(45)\" fill=\"none\" stroke=\"#767676\" stroke-width=\"4\"><\/line><line id=\"Line_16\" data-name=\"Line 16\" x1=\"45.858\" y2=\"46.535\" transform=\"translate(3250.739 511.1) rotate(45)\" fill=\"none\" stroke=\"#767676\" stroke-width=\"4\"><\/line><\/g><\/svg>\t\t\t<\/div>\n\t\t<\/div>\n\t\t\t\t<\/div>\n\t\t\t\t<\/div>\n\t\t\t\t\t<\/div>\n\t\t<\/div>\n\t\t\t\t\t\t\t<\/div>\n\t\t<\/section>\n\t\t\t\t<section class=\"elementor-section elementor-top-section elementor-element elementor-element-0c1fc54 impressumsection3 elementor-hidden-desktop elementor-hidden-tablet elementor-hidden-phone elementor-section-boxed elementor-section-height-default elementor-section-height-default\" data-id=\"0c1fc54\" data-element_type=\"section\">\n\t\t\t\t\t\t<div class=\"elementor-container elementor-column-gap-default\">\n\t\t\t\t\t<div class=\"elementor-column elementor-col-50 elementor-top-column elementor-element elementor-element-1a4aa9a\" data-id=\"1a4aa9a\" data-element_type=\"column\">\n\t\t\t<div class=\"elementor-widget-wrap\">\n\t\t\t\t\t\t\t\t\t<\/div>\n\t\t<\/div>\n\t\t\t\t<div class=\"elementor-column elementor-col-50 elementor-top-column elementor-element elementor-element-cbbd6fb\" data-id=\"cbbd6fb\" data-element_type=\"column\">\n\t\t\t<div class=\"elementor-widget-wrap elementor-element-populated\">\n\t\t\t\t\t\t\t\t<div class=\"elementor-element elementor-element-7d3e0b5 elementor-widget elementor-widget-text-editor\" data-id=\"7d3e0b5\" data-element_type=\"widget\" data-widget_type=\"text-editor.default\">\n\t\t\t\t<div class=\"elementor-widget-container\">\n\t\t\t\t\t\t\t<p>Notre site Internet contient des liens directs ou indirects vers des sites web externes de tiers, sur le contenu desquels nous n'avons aucune influence. Pour cette raison, nous ne pouvons pas non plus nous porter garant de l'exactitude des contenus accessibles par ces liens vers des sites externes.<\/p><p>Pour les contenus externes, le prestataire ou l\u2019exploitant (l\u2019auteur) respectif du site externe est responsable.<\/p><p>D\u00e8s que nous aurons connaissance d\u2019une violation de la loi par les contenus de pages li\u00e9es, nous supprimerons les liens concern\u00e9s dans les plus brefs d\u00e9lais.<\/p>\t\t\t\t\t\t<\/div>\n\t\t\t\t<\/div>\n\t\t\t\t\t<\/div>\n\t\t<\/div>\n\t\t\t\t\t\t\t<\/div>\n\t\t<\/section>\n\t\t\t\t<section class=\"elementor-section elementor-top-section elementor-element elementor-element-debdb7c elementor-section-boxed elementor-section-height-default elementor-section-height-default\" data-id=\"debdb7c\" data-element_type=\"section\">\n\t\t\t\t\t\t<div class=\"elementor-container elementor-column-gap-default\">\n\t\t\t\t\t<div class=\"elementor-column elementor-col-100 elementor-top-column elementor-element elementor-element-64560da\" data-id=\"64560da\" data-element_type=\"column\">\n\t\t\t<div class=\"elementor-widget-wrap elementor-element-populated\">\n\t\t\t\t\t\t\t\t<div class=\"elementor-element elementor-element-691a74f elementor-widget-divider--view-line elementor-widget elementor-widget-divider\" data-id=\"691a74f\" data-element_type=\"widget\" data-widget_type=\"divider.default\">\n\t\t\t\t<div class=\"elementor-widget-container\">\n\t\t\t\t\t<div class=\"elementor-divider\">\n\t\t\t<span class=\"elementor-divider-separator\">\n\t\t\t\t\t\t<\/span>\n\t\t<\/div>\n\t\t\t\t<\/div>\n\t\t\t\t<\/div>\n\t\t\t\t\t<\/div>\n\t\t<\/div>\n\t\t\t\t\t\t\t<\/div>\n\t\t<\/section>\n\t\t\t\t<section class=\"elementor-section elementor-top-section elementor-element elementor-element-96cfdc0 elementor-section-boxed elementor-section-height-default elementor-section-height-default\" data-id=\"96cfdc0\" data-element_type=\"section\">\n\t\t\t\t\t\t<div class=\"elementor-container elementor-column-gap-default\">\n\t\t\t\t\t<div class=\"elementor-column elementor-col-50 elementor-top-column elementor-element elementor-element-d7ec499\" data-id=\"d7ec499\" data-element_type=\"column\">\n\t\t\t<div class=\"elementor-widget-wrap elementor-element-populated\">\n\t\t\t\t\t\t\t\t<div class=\"elementor-element elementor-element-6ac5d85 showimpressum4 elementor-widget elementor-widget-heading\" data-id=\"6ac5d85\" data-element_type=\"widget\" data-widget_type=\"heading.default\">\n\t\t\t\t<div class=\"elementor-widget-container\">\n\t\t\t<h2 class=\"elementor-heading-title elementor-size-default\">Propri\u00e9t\u00e9 intellectuelle<\/h2>\t\t<\/div>\n\t\t\t\t<\/div>\n\t\t\t\t\t<\/div>\n\t\t<\/div>\n\t\t\t\t<div class=\"elementor-column elementor-col-50 elementor-top-column elementor-element elementor-element-00a3bf7\" data-id=\"00a3bf7\" data-element_type=\"column\">\n\t\t\t<div class=\"elementor-widget-wrap elementor-element-populated\">\n\t\t\t\t\t\t\t\t<div class=\"elementor-element elementor-element-c094bf5 showimpressum4 icon elementor-widget__width-auto elementor-view-default elementor-widget elementor-widget-icon\" data-id=\"c094bf5\" data-element_type=\"widget\" data-widget_type=\"icon.default\">\n\t\t\t\t<div class=\"elementor-widget-container\">\n\t\t\t\t\t<div class=\"elementor-icon-wrapper\">\n\t\t\t<div class=\"elementor-icon\">\n\t\t\t<svg xmlns=\"http:\/\/www.w3.org\/2000\/svg\" width=\"69.332\" height=\"69.332\" viewbox=\"0 0 69.332 69.332\"><g id=\"Group_35\" data-name=\"Group 35\" transform=\"translate(-3215.834 -509.1)\"><line id=\"Line_5\" data-name=\"Line 5\" x1=\"45.858\" y1=\"46.535\" transform=\"translate(3250.739 511.1) rotate(45)\" fill=\"none\" stroke=\"#767676\" stroke-width=\"4\"><\/line><line id=\"Line_16\" data-name=\"Line 16\" x1=\"45.858\" y2=\"46.535\" transform=\"translate(3250.739 511.1) rotate(45)\" fill=\"none\" stroke=\"#767676\" stroke-width=\"4\"><\/line><\/g><\/svg>\t\t\t<\/div>\n\t\t<\/div>\n\t\t\t\t<\/div>\n\t\t\t\t<\/div>\n\t\t\t\t\t<\/div>\n\t\t<\/div>\n\t\t\t\t\t\t\t<\/div>\n\t\t<\/section>\n\t\t\t\t<section class=\"elementor-section elementor-top-section elementor-element elementor-element-c26f1e7 impressumsection4 elementor-hidden-desktop elementor-hidden-tablet elementor-hidden-phone elementor-section-boxed elementor-section-height-default elementor-section-height-default\" data-id=\"c26f1e7\" data-element_type=\"section\">\n\t\t\t\t\t\t<div class=\"elementor-container elementor-column-gap-default\">\n\t\t\t\t\t<div class=\"elementor-column elementor-col-50 elementor-top-column elementor-element elementor-element-733c030\" data-id=\"733c030\" data-element_type=\"column\">\n\t\t\t<div class=\"elementor-widget-wrap\">\n\t\t\t\t\t\t\t\t\t<\/div>\n\t\t<\/div>\n\t\t\t\t<div class=\"elementor-column elementor-col-50 elementor-top-column elementor-element elementor-element-989ef05\" data-id=\"989ef05\" data-element_type=\"column\">\n\t\t\t<div class=\"elementor-widget-wrap elementor-element-populated\">\n\t\t\t\t\t\t\t\t<div class=\"elementor-element elementor-element-a94dd48 elementor-widget elementor-widget-text-editor\" data-id=\"a94dd48\" data-element_type=\"widget\" data-widget_type=\"text-editor.default\">\n\t\t\t\t<div class=\"elementor-widget-container\">\n\t\t\t\t\t\t\t<p>Du point de vue mat\u00e9riel et immat\u00e9riel de son auteur, la reproduction, le traitement, la diffusion et toute forme d\u2019utilisation de la propri\u00e9t\u00e9 intellectuelle en dehors des limites du droit d'auteur exigent l'accord \u00e9crit de l'auteur ou du cr\u00e9ateur.<\/p><p>Des t\u00e9l\u00e9chargements et des copies de ce site ne sont autoris\u00e9s ni pour un usage priv\u00e9 ni pour un usage commercial.<\/p><p>Dans le cas des contenus non cr\u00e9\u00e9s par nous, nous avons l'obligation de prendre en consid\u00e9ration les droits d'auteur des tierces parties. Si vous deviez toutefois remarquer une atteinte aux droits d'auteur, nous vous saurions gr\u00e9 de bien vouloir nous en faire part.<\/p><p>Nous supprimerons les contenus concern\u00e9s d\u00e8s que nous aurons connaissance de telles violations de la loi.<\/p>\t\t\t\t\t\t<\/div>\n\t\t\t\t<\/div>\n\t\t\t\t\t<\/div>\n\t\t<\/div>\n\t\t\t\t\t\t\t<\/div>\n\t\t<\/section>\n\t\t\t\t<section class=\"elementor-section elementor-top-section elementor-element elementor-element-85c55e9 elementor-section-boxed elementor-section-height-default elementor-section-height-default\" data-id=\"85c55e9\" data-element_type=\"section\">\n\t\t\t\t\t\t<div class=\"elementor-container elementor-column-gap-default\">\n\t\t\t\t\t<div class=\"elementor-column elementor-col-100 elementor-top-column elementor-element elementor-element-d5330a8\" data-id=\"d5330a8\" data-element_type=\"column\">\n\t\t\t<div class=\"elementor-widget-wrap elementor-element-populated\">\n\t\t\t\t\t\t\t\t<div class=\"elementor-element elementor-element-ca0f433 elementor-widget-divider--view-line elementor-widget elementor-widget-divider\" data-id=\"ca0f433\" data-element_type=\"widget\" data-widget_type=\"divider.default\">\n\t\t\t\t<div class=\"elementor-widget-container\">\n\t\t\t\t\t<div class=\"elementor-divider\">\n\t\t\t<span class=\"elementor-divider-separator\">\n\t\t\t\t\t\t<\/span>\n\t\t<\/div>\n\t\t\t\t<\/div>\n\t\t\t\t<\/div>\n\t\t\t\t\t<\/div>\n\t\t<\/div>\n\t\t\t\t\t\t\t<\/div>\n\t\t<\/section>\n\t\t\t\t\t\t\t<\/div>","protected":false},"excerpt":{"rendered":"<p>Impressum Monique Follmann-FohlCoordination(at)MoniqueFollmannFohl.comHandelsregister: B 147574Handelsgenehmigung: 124243Umsatz-Steuer: 2009 24 20 346 Haftung f\u00fcr Inhalte Alle Inhalte unseres Internetauftritts wurden mit gr\u00f6\u00dfter Sorgfalt und nach bestem Gewissen erstellt. F\u00fcr die Richtigkeit, Vollst\u00e4ndigkeit und Aktualit\u00e4t der Inhalte k\u00f6nnen wir jedoch keine Gew\u00e4hr \u00fcbernehmen. Haftungsbeschr\u00e4nkung f\u00fcr externe Links Unsere Webseite enth\u00e4lt Links auf externe Webseiten Dritter. Auf die Inhalte [&hellip;]<\/p>\n","protected":false},"author":1,"featured_media":0,"parent":0,"menu_order":0,"comment_status":"closed","ping_status":"closed","template":"elementor_header_footer","meta":[],"_links":{"self":[{"href":"https:\/\/www.moniquefollmannfohl.com\/fr\/wp-json\/wp\/v2\/pages\/378"}],"collection":[{"href":"https:\/\/www.moniquefollmannfohl.com\/fr\/wp-json\/wp\/v2\/pages"}],"about":[{"href":"https:\/\/www.moniquefollmannfohl.com\/fr\/wp-json\/wp\/v2\/types\/page"}],"author":[{"embeddable":true,"href":"https:\/\/www.moniquefollmannfohl.com\/fr\/wp-json\/wp\/v2\/users\/1"}],"replies":[{"embeddable":true,"href":"https:\/\/www.moniquefollmannfohl.com\/fr\/wp-json\/wp\/v2\/comments?post=378"}],"version-history":[{"count":49,"href":"https:\/\/www.moniquefollmannfohl.com\/fr\/wp-json\/wp\/v2\/pages\/378\/revisions"}],"predecessor-version":[{"id":564,"href":"https:\/\/www.moniquefollmannfohl.com\/fr\/wp-json\/wp\/v2\/pages\/378\/revisions\/564"}],"wp:attachment":[{"href":"https:\/\/www.moniquefollmannfohl.com\/fr\/wp-json\/wp\/v2\/media?parent=378"}],"curies":[{"name":"wp","href":"https:\/\/api.w.org\/{rel}","templated":true}]}}